{"id":3366,"date":"2021-04-18T23:11:54","date_gmt":"2021-04-19T02:11:54","guid":{"rendered":"https:\/\/www.vivacelina.com\/?post_type=product&#038;p=3366"},"modified":"2022-12-27T19:22:01","modified_gmt":"2022-12-27T22:22:01","slug":"blusa-ana","status":"publish","type":"product","link":"https:\/\/www.vivacelina.com\/en\/product\/blusa-ana\/","title":{"rendered":"Ana blouse"},"content":{"rendered":"<p>Loose-fitting blouse with sleeves and 3 buttons made from recycled paper. The Ana blouse is a great option for vegans, as all of its raw materials are free of animal origin. Its fabric is recycled from PET bottles and its buttons are made from recycled cotton.<\/p>","protected":false},"excerpt":{"rendered":"<p>Blusa com modelagem solta, manga e fechamento com 3 bot\u00f5es de papel reciclado. A Blusa Ana \u00e9 uma op\u00e7\u00e3o para o p\u00fablico [&hellip;]<\/p>","protected":false},"featured_media":3369,"template":"","meta":[],"product_brand":[],"product_cat":[52],"product_tag":[],"class_list":{"0":"post-3366","1":"product","2":"type-product","3":"status-publish","4":"has-post-thumbnail","6":"product_cat-blusas","8":"first","9":"outofstock","10":"shipping-taxable","11":"purchasable","12":"product-type-variable"},"_links":{"self":[{"href":"https:\/\/www.vivacelina.com\/en\/wp-json\/wp\/v2\/product\/3366","targetHints":{"allow":["GET"]}}],"collection":[{"href":"https:\/\/www.vivacelina.com\/en\/wp-json\/wp\/v2\/product"}],"about":[{"href":"https:\/\/www.vivacelina.com\/en\/wp-json\/wp\/v2\/types\/product"}],"wp:featuredmedia":[{"embeddable":true,"href":"https:\/\/www.vivacelina.com\/en\/wp-json\/wp\/v2\/media\/3369"}],"wp:attachment":[{"href":"https:\/\/www.vivacelina.com\/en\/wp-json\/wp\/v2\/media?parent=3366"}],"wp:term":[{"taxonomy":"product_brand","embeddable":true,"href":"https:\/\/www.vivacelina.com\/en\/wp-json\/wp\/v2\/product_brand?post=3366"},{"taxonomy":"product_cat","embeddable":true,"href":"https:\/\/www.vivacelina.com\/en\/wp-json\/wp\/v2\/product_cat?post=3366"},{"taxonomy":"product_tag","embeddable":true,"href":"https:\/\/www.vivacelina.com\/en\/wp-json\/wp\/v2\/product_tag?post=3366"}],"curies":[{"name":"wp","href":"https:\/\/api.w.org\/{rel}","templated":true}]}}