{"id":3486,"date":"2021-04-19T00:32:20","date_gmt":"2021-04-19T03:32:20","guid":{"rendered":"https:\/\/www.vivacelina.com\/?post_type=product&#038;p=3486"},"modified":"2022-12-27T19:21:10","modified_gmt":"2022-12-27T22:21:10","slug":"blusa-atalaia-listras","status":"publish","type":"product","link":"https:\/\/www.vivacelina.com\/en\/product\/blusa-atalaia-listras\/","title":{"rendered":"Atalaia Striped Blouse"},"content":{"rendered":"<p>Blouse with a loose fit and short sleeves. The Atalaia Blouse is a great piece for those who want to enjoy the day in light and comfortable clothing without sacrificing style. With a sleeve that is different due to the fabric, the Atalaia blouse comes in three new colors to make life more colorful. Made with recycled cotton fabrics and recycled PET bottles, it is free of any animal origin. This piece is an option for vegans.<\/p>","protected":false},"excerpt":{"rendered":"<p>Blusa em modelagem ampla e manga curta. A Blusa Atalaia \u00e9 uma \u00f3tima pe\u00e7a para quem quer curtir o dia com uma [&hellip;]<\/p>","protected":false},"featured_media":3437,"template":"","meta":[],"product_brand":[],"product_cat":[52],"product_tag":[],"class_list":{"0":"post-3486","1":"product","2":"type-product","3":"status-publish","4":"has-post-thumbnail","6":"product_cat-blusas","8":"first","9":"outofstock","10":"shipping-taxable","11":"purchasable","12":"product-type-variable"},"_links":{"self":[{"href":"https:\/\/www.vivacelina.com\/en\/wp-json\/wp\/v2\/product\/3486","targetHints":{"allow":["GET"]}}],"collection":[{"href":"https:\/\/www.vivacelina.com\/en\/wp-json\/wp\/v2\/product"}],"about":[{"href":"https:\/\/www.vivacelina.com\/en\/wp-json\/wp\/v2\/types\/product"}],"wp:featuredmedia":[{"embeddable":true,"href":"https:\/\/www.vivacelina.com\/en\/wp-json\/wp\/v2\/media\/3437"}],"wp:attachment":[{"href":"https:\/\/www.vivacelina.com\/en\/wp-json\/wp\/v2\/media?parent=3486"}],"wp:term":[{"taxonomy":"product_brand","embeddable":true,"href":"https:\/\/www.vivacelina.com\/en\/wp-json\/wp\/v2\/product_brand?post=3486"},{"taxonomy":"product_cat","embeddable":true,"href":"https:\/\/www.vivacelina.com\/en\/wp-json\/wp\/v2\/product_cat?post=3486"},{"taxonomy":"product_tag","embeddable":true,"href":"https:\/\/www.vivacelina.com\/en\/wp-json\/wp\/v2\/product_tag?post=3486"}],"curies":[{"name":"wp","href":"https:\/\/api.w.org\/{rel}","templated":true}]}}