{"id":3506,"date":"2021-04-19T00:57:49","date_gmt":"2021-04-19T03:57:49","guid":{"rendered":"https:\/\/www.vivacelina.com\/?post_type=product&#038;p=3506"},"modified":"2022-12-27T19:20:45","modified_gmt":"2022-12-27T22:20:45","slug":"calca-antonio","status":"publish","type":"product","link":"https:\/\/www.vivacelina.com\/en\/product\/calca-antonio\/","title":{"rendered":"Antonio pants"},"content":{"rendered":"<p style=\"font-weight: 400;\">Straight-cut pants with front pockets and Italian hem. Classic and timeless, the Ant\u00f4nio Pants are made from sustainable fabrics, recycled cotton and recycled PET bottles, with a higher percentage of cotton, giving the piece a lighter fit. The button is made from recycled paper.<\/p>\n<p style=\"font-weight: 400;\">A piece that has a production chain that respects the biological cycle of our planet. This is an option for the vegan public.<\/p>","protected":false},"excerpt":{"rendered":"<p>Cal\u00e7a em corte reto, bolsos na parte frontal e barra tipo italiana. Cl\u00e1ssica e atemporal, a Cal\u00e7a Ant\u00f4nio \u00e9 confeccionada em tecidos [&hellip;]<\/p>","protected":false},"featured_media":3513,"template":"","meta":[],"product_brand":[],"product_cat":[53],"product_tag":[],"class_list":{"0":"post-3506","1":"product","2":"type-product","3":"status-publish","4":"has-post-thumbnail","6":"product_cat-calcas","8":"first","9":"outofstock","10":"shipping-taxable","11":"purchasable","12":"product-type-variable"},"_links":{"self":[{"href":"https:\/\/www.vivacelina.com\/en\/wp-json\/wp\/v2\/product\/3506","targetHints":{"allow":["GET"]}}],"collection":[{"href":"https:\/\/www.vivacelina.com\/en\/wp-json\/wp\/v2\/product"}],"about":[{"href":"https:\/\/www.vivacelina.com\/en\/wp-json\/wp\/v2\/types\/product"}],"wp:featuredmedia":[{"embeddable":true,"href":"https:\/\/www.vivacelina.com\/en\/wp-json\/wp\/v2\/media\/3513"}],"wp:attachment":[{"href":"https:\/\/www.vivacelina.com\/en\/wp-json\/wp\/v2\/media?parent=3506"}],"wp:term":[{"taxonomy":"product_brand","embeddable":true,"href":"https:\/\/www.vivacelina.com\/en\/wp-json\/wp\/v2\/product_brand?post=3506"},{"taxonomy":"product_cat","embeddable":true,"href":"https:\/\/www.vivacelina.com\/en\/wp-json\/wp\/v2\/product_cat?post=3506"},{"taxonomy":"product_tag","embeddable":true,"href":"https:\/\/www.vivacelina.com\/en\/wp-json\/wp\/v2\/product_tag?post=3506"}],"curies":[{"name":"wp","href":"https:\/\/api.w.org\/{rel}","templated":true}]}}