{"id":3531,"date":"2021-04-19T01:48:28","date_gmt":"2021-04-19T04:48:28","guid":{"rendered":"https:\/\/www.vivacelina.com\/?post_type=product&#038;p=3531"},"modified":"2022-12-27T19:20:13","modified_gmt":"2022-12-27T22:20:13","slug":"camisa-antonio","status":"publish","type":"product","link":"https:\/\/www.vivacelina.com\/en\/product\/camisa-antonio\/","title":{"rendered":"Antonio Shirt"},"content":{"rendered":"<p>Straight-cut shirt with short sleeves, pockets and mother-of-pearl buttons. Made with sustainable fabrics, recycled cotton and recycled PET bottles, the Ant\u00f4nio Shirt is a classic and timeless piece, perfect for wearing at all times.<\/p>","protected":false},"excerpt":{"rendered":"<p>Camisa de modelagem reta, manga curta, bolso e bot\u00f5es em madrep\u00e9rola. Confeccionada com tecidos sustent\u00e1veis, de algod\u00e3o reciclado e garrafa pet reciclada, [&hellip;]<\/p>","protected":false},"featured_media":3660,"template":"","meta":[],"product_brand":[],"product_cat":[54],"product_tag":[],"class_list":{"0":"post-3531","1":"product","2":"type-product","3":"status-publish","4":"has-post-thumbnail","6":"product_cat-camisas","8":"first","9":"outofstock","10":"shipping-taxable","11":"purchasable","12":"product-type-variable","13":"has-default-attributes"},"_links":{"self":[{"href":"https:\/\/www.vivacelina.com\/en\/wp-json\/wp\/v2\/product\/3531","targetHints":{"allow":["GET"]}}],"collection":[{"href":"https:\/\/www.vivacelina.com\/en\/wp-json\/wp\/v2\/product"}],"about":[{"href":"https:\/\/www.vivacelina.com\/en\/wp-json\/wp\/v2\/types\/product"}],"wp:featuredmedia":[{"embeddable":true,"href":"https:\/\/www.vivacelina.com\/en\/wp-json\/wp\/v2\/media\/3660"}],"wp:attachment":[{"href":"https:\/\/www.vivacelina.com\/en\/wp-json\/wp\/v2\/media?parent=3531"}],"wp:term":[{"taxonomy":"product_brand","embeddable":true,"href":"https:\/\/www.vivacelina.com\/en\/wp-json\/wp\/v2\/product_brand?post=3531"},{"taxonomy":"product_cat","embeddable":true,"href":"https:\/\/www.vivacelina.com\/en\/wp-json\/wp\/v2\/product_cat?post=3531"},{"taxonomy":"product_tag","embeddable":true,"href":"https:\/\/www.vivacelina.com\/en\/wp-json\/wp\/v2\/product_tag?post=3531"}],"curies":[{"name":"wp","href":"https:\/\/api.w.org\/{rel}","templated":true}]}}