{"id":3610,"date":"2021-04-20T02:14:05","date_gmt":"2021-04-20T05:14:05","guid":{"rendered":"https:\/\/www.vivacelina.com\/?post_type=product&#038;p=3610"},"modified":"2022-12-27T19:17:05","modified_gmt":"2022-12-27T22:17:05","slug":"jardineira-valente","status":"publish","type":"product","link":"https:\/\/www.vivacelina.com\/en\/product\/jardineira-valente\/","title":{"rendered":"Brave Overalls"},"content":{"rendered":"<p style=\"font-weight: 400;\">Dungarees with side openings, wide straps and a front pocket. They have button closures: one on each strap and three on each side of the shorts. Our dungarees are ideal for warmer days, they are above the knee in height with an Italian-style hem.<\/p>\n<p style=\"font-weight: 400;\">Its buttons are made from hemp, a natural and highly resistant alternative. In classic and timeless colors, the Valente Dungarees were made from sustainable fabrics made from recycled cotton and PET bottles.<\/p>\n<p style=\"font-weight: 400;\">This product is free of animal origin. An option for vegans.<\/p>","protected":false},"excerpt":{"rendered":"<p>Jardineira com abertura nas laterais, al\u00e7as largas e um bolso na parte frontal. Possui fechamento em bot\u00f5es: um em cada al\u00e7a e [&hellip;]<\/p>","protected":false},"featured_media":3621,"template":"","meta":[],"product_brand":[],"product_cat":[55],"product_tag":[],"class_list":{"0":"post-3610","1":"product","2":"type-product","3":"status-publish","4":"has-post-thumbnail","6":"product_cat-macacoes","8":"first","9":"outofstock","10":"shipping-taxable","11":"purchasable","12":"product-type-variable"},"_links":{"self":[{"href":"https:\/\/www.vivacelina.com\/en\/wp-json\/wp\/v2\/product\/3610","targetHints":{"allow":["GET"]}}],"collection":[{"href":"https:\/\/www.vivacelina.com\/en\/wp-json\/wp\/v2\/product"}],"about":[{"href":"https:\/\/www.vivacelina.com\/en\/wp-json\/wp\/v2\/types\/product"}],"wp:featuredmedia":[{"embeddable":true,"href":"https:\/\/www.vivacelina.com\/en\/wp-json\/wp\/v2\/media\/3621"}],"wp:attachment":[{"href":"https:\/\/www.vivacelina.com\/en\/wp-json\/wp\/v2\/media?parent=3610"}],"wp:term":[{"taxonomy":"product_brand","embeddable":true,"href":"https:\/\/www.vivacelina.com\/en\/wp-json\/wp\/v2\/product_brand?post=3610"},{"taxonomy":"product_cat","embeddable":true,"href":"https:\/\/www.vivacelina.com\/en\/wp-json\/wp\/v2\/product_cat?post=3610"},{"taxonomy":"product_tag","embeddable":true,"href":"https:\/\/www.vivacelina.com\/en\/wp-json\/wp\/v2\/product_tag?post=3610"}],"curies":[{"name":"wp","href":"https:\/\/api.w.org\/{rel}","templated":true}]}}