{"id":3696,"date":"2021-04-20T02:50:03","date_gmt":"2021-04-20T05:50:03","guid":{"rendered":"https:\/\/www.vivacelina.com\/?post_type=product&#038;p=3696"},"modified":"2022-12-27T19:15:14","modified_gmt":"2022-12-27T22:15:14","slug":"kimono-belarmina","status":"publish","type":"product","link":"https:\/\/www.vivacelina.com\/en\/product\/kimono-belarmina\/","title":{"rendered":"Belarmina Kimono"},"content":{"rendered":"<p>With a straight cut and wide sleeves, our Belarmina Kimono is the perfect layer for tropical weather. Light and fluid, it makes any look more elegant. Made from sustainable fabric, made from cotton and recycled plastic bottles, it is an animal-free piece, an option for vegans. Comes with a sash.<\/p>","protected":false},"excerpt":{"rendered":"<p>Com modelagem reta e manga larga, nosso Kimono Belarmina \u00e9 uma sobreposi\u00e7\u00e3o perfeita para o clima tropical. Leve e flu\u00eddo deixa qualquer [&hellip;]<\/p>","protected":false},"featured_media":3705,"template":"","meta":[],"product_brand":[],"product_cat":[58],"product_tag":[],"class_list":{"0":"post-3696","1":"product","2":"type-product","3":"status-publish","4":"has-post-thumbnail","6":"product_cat-sobreposicoes","8":"first","9":"outofstock","10":"shipping-taxable","11":"purchasable","12":"product-type-variable"},"_links":{"self":[{"href":"https:\/\/www.vivacelina.com\/en\/wp-json\/wp\/v2\/product\/3696","targetHints":{"allow":["GET"]}}],"collection":[{"href":"https:\/\/www.vivacelina.com\/en\/wp-json\/wp\/v2\/product"}],"about":[{"href":"https:\/\/www.vivacelina.com\/en\/wp-json\/wp\/v2\/types\/product"}],"wp:featuredmedia":[{"embeddable":true,"href":"https:\/\/www.vivacelina.com\/en\/wp-json\/wp\/v2\/media\/3705"}],"wp:attachment":[{"href":"https:\/\/www.vivacelina.com\/en\/wp-json\/wp\/v2\/media?parent=3696"}],"wp:term":[{"taxonomy":"product_brand","embeddable":true,"href":"https:\/\/www.vivacelina.com\/en\/wp-json\/wp\/v2\/product_brand?post=3696"},{"taxonomy":"product_cat","embeddable":true,"href":"https:\/\/www.vivacelina.com\/en\/wp-json\/wp\/v2\/product_cat?post=3696"},{"taxonomy":"product_tag","embeddable":true,"href":"https:\/\/www.vivacelina.com\/en\/wp-json\/wp\/v2\/product_tag?post=3696"}],"curies":[{"name":"wp","href":"https:\/\/api.w.org\/{rel}","templated":true}]}}