{"id":3714,"date":"2021-04-20T02:59:55","date_gmt":"2021-04-20T05:59:55","guid":{"rendered":"https:\/\/www.vivacelina.com\/?post_type=product&#038;p=3714"},"modified":"2022-12-27T19:15:01","modified_gmt":"2022-12-27T22:15:01","slug":"top-florencia","status":"publish","type":"product","link":"https:\/\/www.vivacelina.com\/en\/product\/top-florencia\/","title":{"rendered":"Top Florence"},"content":{"rendered":"<p>Top with modeling, has button closure on the back and adjustable straps with buttons. Our Flor\u00eancia Top is ideal for warmer days, but used as or with layers it can be used on colder days. Its buttons are made from recycled cotton, and its fabric is made from recycled PET bottles and recycled cotton. This product is free of animal origin. An option for the vegan public.<\/p>","protected":false},"excerpt":{"rendered":"<p>Top com modelagem, possui fechamento em bot\u00f5es nas costas e al\u00e7as com regulagem atrav\u00e9s de bot\u00e3o. Nosso Top Flor\u00eancia \u00e9 ideal para [&hellip;]<\/p>","protected":false},"featured_media":3722,"template":"","meta":[],"product_brand":[],"product_cat":[59],"product_tag":[],"class_list":{"0":"post-3714","1":"product","2":"type-product","3":"status-publish","4":"has-post-thumbnail","6":"product_cat-tops","8":"first","9":"outofstock","10":"shipping-taxable","11":"purchasable","12":"product-type-variable"},"_links":{"self":[{"href":"https:\/\/www.vivacelina.com\/en\/wp-json\/wp\/v2\/product\/3714","targetHints":{"allow":["GET"]}}],"collection":[{"href":"https:\/\/www.vivacelina.com\/en\/wp-json\/wp\/v2\/product"}],"about":[{"href":"https:\/\/www.vivacelina.com\/en\/wp-json\/wp\/v2\/types\/product"}],"wp:featuredmedia":[{"embeddable":true,"href":"https:\/\/www.vivacelina.com\/en\/wp-json\/wp\/v2\/media\/3722"}],"wp:attachment":[{"href":"https:\/\/www.vivacelina.com\/en\/wp-json\/wp\/v2\/media?parent=3714"}],"wp:term":[{"taxonomy":"product_brand","embeddable":true,"href":"https:\/\/www.vivacelina.com\/en\/wp-json\/wp\/v2\/product_brand?post=3714"},{"taxonomy":"product_cat","embeddable":true,"href":"https:\/\/www.vivacelina.com\/en\/wp-json\/wp\/v2\/product_cat?post=3714"},{"taxonomy":"product_tag","embeddable":true,"href":"https:\/\/www.vivacelina.com\/en\/wp-json\/wp\/v2\/product_tag?post=3714"}],"curies":[{"name":"wp","href":"https:\/\/api.w.org\/{rel}","templated":true}]}}