{"id":3762,"date":"2021-04-20T13:34:24","date_gmt":"2021-04-20T16:34:24","guid":{"rendered":"https:\/\/www.vivacelina.com\/?post_type=product&#038;p=3762"},"modified":"2024-10-07T19:41:31","modified_gmt":"2024-10-07T22:41:31","slug":"bag-memorias","status":"publish","type":"product","link":"https:\/\/www.vivacelina.com\/en\/product\/bag-memorias\/","title":{"rendered":"Memories Bag"},"content":{"rendered":"<p>Bag made from recycled PET bottle fabric and recycled cotton, with 100% cotton handles. With a modern design and unique color, the Mem\u00f3rias bag is a super versatile product that can be used for everything from shopping to a walk on the beach. Sustainability and fashion at any time of day. This is an option for vegans.<\/p>","protected":false},"excerpt":{"rendered":"<p>Bolsa confeccionada em tecido de garrafa pet reciclada e algod\u00e3o reciclado, e al\u00e7as em 100% algod\u00e3o. Com um design moderno e cor [&hellip;]<\/p>","protected":false},"featured_media":3859,"template":"","meta":[],"product_brand":[],"product_cat":[84],"product_tag":[],"class_list":{"0":"post-3762","1":"product","2":"type-product","3":"status-publish","4":"has-post-thumbnail","6":"product_cat-acessorios","8":"first","9":"outofstock","10":"shipping-taxable","11":"purchasable","12":"product-type-simple"},"_links":{"self":[{"href":"https:\/\/www.vivacelina.com\/en\/wp-json\/wp\/v2\/product\/3762","targetHints":{"allow":["GET"]}}],"collection":[{"href":"https:\/\/www.vivacelina.com\/en\/wp-json\/wp\/v2\/product"}],"about":[{"href":"https:\/\/www.vivacelina.com\/en\/wp-json\/wp\/v2\/types\/product"}],"wp:featuredmedia":[{"embeddable":true,"href":"https:\/\/www.vivacelina.com\/en\/wp-json\/wp\/v2\/media\/3859"}],"wp:attachment":[{"href":"https:\/\/www.vivacelina.com\/en\/wp-json\/wp\/v2\/media?parent=3762"}],"wp:term":[{"taxonomy":"product_brand","embeddable":true,"href":"https:\/\/www.vivacelina.com\/en\/wp-json\/wp\/v2\/product_brand?post=3762"},{"taxonomy":"product_cat","embeddable":true,"href":"https:\/\/www.vivacelina.com\/en\/wp-json\/wp\/v2\/product_cat?post=3762"},{"taxonomy":"product_tag","embeddable":true,"href":"https:\/\/www.vivacelina.com\/en\/wp-json\/wp\/v2\/product_tag?post=3762"}],"curies":[{"name":"wp","href":"https:\/\/api.w.org\/{rel}","templated":true}]}}