{"id":3816,"date":"2021-04-20T14:26:14","date_gmt":"2021-04-20T17:26:14","guid":{"rendered":"https:\/\/www.vivacelina.com\/?post_type=product&#038;p=3816"},"modified":"2024-10-07T19:52:53","modified_gmt":"2024-10-07T22:52:53","slug":"calca-raizes","status":"publish","type":"product","link":"https:\/\/www.vivacelina.com\/en\/product\/calca-raizes\/","title":{"rendered":"Roots Pants"},"content":{"rendered":"<p>Slim-fit pants with elastic at the back of the waist, front pockets with a distinctive cut and built-in back pockets. Zipper and button closure in recycled paper. It undergoes a natural dyeing process, carried out by hand, from raw materials of plant origin, which gives it a unique color and an asymmetrical effect. Made from 100% organic cotton twill grown from family farming in Para\u00edba, it is an option for vegans, as all of its raw materials are free of animal origin.<\/p>\n<p>The Viva Celina pieces from C\u00e1psula Ra\u00edzes are naturally dyed and handcrafted in partnership with Ateli\u00ea LuAz, and have bright colors, and their color can change over time and take on new shapes. This is the beauty of life in the form of clothing. Washing your pieces correctly will ensure a longer lifespan for the item.<\/p>\n<p>The pieces in the Roots Collection Capsule were made on a small scale. There will be no replacement of naturally dyed pieces. Pieces with the same models will be launched, but not in the same colors.<\/p>\n<p>&nbsp;<\/p>\n<p><img fetchpriority=\"high\" decoding=\"async\" class=\"alignnone wp-image-5140\" src=\"https:\/\/www.vivacelina.com\/wp-content\/uploads\/2021\/04\/Calca-Raizes.png\" alt=\"\" width=\"574\" height=\"273\" srcset=\"https:\/\/www.vivacelina.com\/wp-content\/uploads\/2021\/04\/Calca-Raizes.png 1571w, https:\/\/www.vivacelina.com\/wp-content\/uploads\/2021\/04\/Calca-Raizes-1536x731.png 1536w, https:\/\/www.vivacelina.com\/wp-content\/uploads\/2021\/04\/Calca-Raizes-400x190.png 400w, https:\/\/www.vivacelina.com\/wp-content\/uploads\/2021\/04\/Calca-Raizes-800x381.png 800w, https:\/\/www.vivacelina.com\/wp-content\/uploads\/2021\/04\/Calca-Raizes-600x286.png 600w\" sizes=\"(max-width: 574px) 100vw, 574px\" \/><\/p>\n<p>&nbsp;<\/p>\n<p>&nbsp;<\/p>","protected":false},"excerpt":{"rendered":"<p>Slim fit pants with elastic at the back of the waist, front pockets with a unique cut and built-in back pockets. Closure with [\u2026]<\/p>","protected":false},"featured_media":3783,"template":"","meta":[],"product_brand":[],"product_cat":[53],"product_tag":[],"class_list":{"0":"post-3816","1":"product","2":"type-product","3":"status-publish","4":"has-post-thumbnail","6":"product_cat-calcas","8":"first","9":"instock","10":"shipping-taxable","11":"purchasable","12":"product-type-variable"},"_links":{"self":[{"href":"https:\/\/www.vivacelina.com\/en\/wp-json\/wp\/v2\/product\/3816","targetHints":{"allow":["GET"]}}],"collection":[{"href":"https:\/\/www.vivacelina.com\/en\/wp-json\/wp\/v2\/product"}],"about":[{"href":"https:\/\/www.vivacelina.com\/en\/wp-json\/wp\/v2\/types\/product"}],"wp:featuredmedia":[{"embeddable":true,"href":"https:\/\/www.vivacelina.com\/en\/wp-json\/wp\/v2\/media\/3783"}],"wp:attachment":[{"href":"https:\/\/www.vivacelina.com\/en\/wp-json\/wp\/v2\/media?parent=3816"}],"wp:term":[{"taxonomy":"product_brand","embeddable":true,"href":"https:\/\/www.vivacelina.com\/en\/wp-json\/wp\/v2\/product_brand?post=3816"},{"taxonomy":"product_cat","embeddable":true,"href":"https:\/\/www.vivacelina.com\/en\/wp-json\/wp\/v2\/product_cat?post=3816"},{"taxonomy":"product_tag","embeddable":true,"href":"https:\/\/www.vivacelina.com\/en\/wp-json\/wp\/v2\/product_tag?post=3816"}],"curies":[{"name":"wp","href":"https:\/\/api.w.org\/{rel}","templated":true}]}}