{"id":3827,"date":"2021-04-20T16:05:15","date_gmt":"2021-04-20T19:05:15","guid":{"rendered":"https:\/\/www.vivacelina.com\/?post_type=product&#038;p=3827"},"modified":"2024-10-07T19:46:48","modified_gmt":"2024-10-07T22:46:48","slug":"blusa-canoa","status":"publish","type":"product","link":"https:\/\/www.vivacelina.com\/en\/product\/blusa-canoa\/","title":{"rendered":"Canoe Blouse"},"content":{"rendered":"<p>Tank top with a loose, flowing design and a boat neck with an opening and button on the back. It also has side buttons made from recycled paper, which allow the blouse to be adjusted using martingales, so that it is straighter or more open. It undergoes a natural dyeing process, carried out by hand, from raw materials of plant origin, which gives it a unique color and an asymmetrical effect. The boat neck blouse is an option for vegans, as all of its raw materials are free of animal origin. Its fabric is a 100% flam\u00e9 cambric organic cotton, grown in Peru and India and woven in Brazil.<\/p>\n<p>The Viva Celina pieces from C\u00e1psula Ra\u00edzes are naturally dyed and handcrafted in partnership with Ateli\u00ea LuAz, and have bright colors, and their color can change over time and take on new shapes. This is the beauty of life in the form of clothing. Washing your pieces correctly will ensure a longer lifespan for the item.<\/p>\n<p>The pieces in the Roots Collection Capsule were made on a small scale. There will be no replacement of naturally dyed pieces. Pieces with the same models will be launched, but not in the same colors.<\/p>\n<p>&nbsp;<\/p>\n<p><img fetchpriority=\"high\" decoding=\"async\" class=\"alignnone wp-image-5139\" src=\"https:\/\/www.vivacelina.com\/wp-content\/uploads\/2021\/04\/Blusa-Canoa.png\" alt=\"\" width=\"574\" height=\"280\" srcset=\"https:\/\/www.vivacelina.com\/wp-content\/uploads\/2021\/04\/Blusa-Canoa.png 1519w, https:\/\/www.vivacelina.com\/wp-content\/uploads\/2021\/04\/Blusa-Canoa-400x195.png 400w, https:\/\/www.vivacelina.com\/wp-content\/uploads\/2021\/04\/Blusa-Canoa-800x391.png 800w, https:\/\/www.vivacelina.com\/wp-content\/uploads\/2021\/04\/Blusa-Canoa-600x293.png 600w\" sizes=\"(max-width: 574px) 100vw, 574px\" \/><\/p>\n<p>&nbsp;<\/p>","protected":false},"excerpt":{"rendered":"<p>Tank top with a loose, flowing design and a boat neck with an opening and button on the back. It also has side buttons made of [\u2026]<\/p>","protected":false},"featured_media":3843,"template":"","meta":[],"product_brand":[],"product_cat":[52],"product_tag":[],"class_list":{"0":"post-3827","1":"product","2":"type-product","3":"status-publish","4":"has-post-thumbnail","6":"product_cat-blusas","8":"first","9":"instock","10":"shipping-taxable","11":"purchasable","12":"product-type-variable"},"_links":{"self":[{"href":"https:\/\/www.vivacelina.com\/en\/wp-json\/wp\/v2\/product\/3827","targetHints":{"allow":["GET"]}}],"collection":[{"href":"https:\/\/www.vivacelina.com\/en\/wp-json\/wp\/v2\/product"}],"about":[{"href":"https:\/\/www.vivacelina.com\/en\/wp-json\/wp\/v2\/types\/product"}],"wp:featuredmedia":[{"embeddable":true,"href":"https:\/\/www.vivacelina.com\/en\/wp-json\/wp\/v2\/media\/3843"}],"wp:attachment":[{"href":"https:\/\/www.vivacelina.com\/en\/wp-json\/wp\/v2\/media?parent=3827"}],"wp:term":[{"taxonomy":"product_brand","embeddable":true,"href":"https:\/\/www.vivacelina.com\/en\/wp-json\/wp\/v2\/product_brand?post=3827"},{"taxonomy":"product_cat","embeddable":true,"href":"https:\/\/www.vivacelina.com\/en\/wp-json\/wp\/v2\/product_cat?post=3827"},{"taxonomy":"product_tag","embeddable":true,"href":"https:\/\/www.vivacelina.com\/en\/wp-json\/wp\/v2\/product_tag?post=3827"}],"curies":[{"name":"wp","href":"https:\/\/api.w.org\/{rel}","templated":true}]}}