{"id":3844,"date":"2021-04-20T16:20:02","date_gmt":"2021-04-20T19:20:02","guid":{"rendered":"https:\/\/www.vivacelina.com\/?post_type=product&#038;p=3844"},"modified":"2023-09-18T12:05:28","modified_gmt":"2023-09-18T15:05:28","slug":"camiseta-canoa","status":"publish","type":"product","link":"https:\/\/www.vivacelina.com\/en\/product\/camiseta-canoa\/","title":{"rendered":"Canoe T-Shirt"},"content":{"rendered":"<p>T-shirt with a basic design, boat neck and longer sleeves than the traditional ones. It undergoes a natural dyeing process, carried out by hand, from raw materials of plant origin, which gives it a unique color and an asymmetrical effect. The boat neck t-shirt is an option for vegans, as all of its raw materials are free of animal origin. Its fabric is 100% organic cotton, grown from family farming in Para\u00edba.<\/p>\n<p>The Viva Celina pieces from C\u00e1psula Ra\u00edzes are naturally dyed and handcrafted in partnership with Ateli\u00ea LuAz, and have bright colors, and their color can change over time and take on new shapes. This is the beauty of life in the form of clothing. Washing your pieces correctly will ensure a longer lifespan for the item.<\/p>\n<p>The pieces in the Roots Collection Capsule were made on a small scale. There will be no replacement of naturally dyed pieces. Pieces with the same models will be launched, but not in the same colors.<\/p>\n<p><img fetchpriority=\"high\" decoding=\"async\" class=\"alignnone wp-image-5145\" src=\"https:\/\/www.vivacelina.com\/wp-content\/uploads\/2021\/04\/Camiseta-Canoa.png\" alt=\"\" width=\"574\" height=\"295\" srcset=\"https:\/\/www.vivacelina.com\/wp-content\/uploads\/2021\/04\/Camiseta-Canoa.png 1425w, https:\/\/www.vivacelina.com\/wp-content\/uploads\/2021\/04\/Camiseta-Canoa-400x206.png 400w, https:\/\/www.vivacelina.com\/wp-content\/uploads\/2021\/04\/Camiseta-Canoa-800x412.png 800w, https:\/\/www.vivacelina.com\/wp-content\/uploads\/2021\/04\/Camiseta-Canoa-600x309.png 600w\" sizes=\"(max-width: 574px) 100vw, 574px\" \/><\/p>\n<p>&nbsp;<\/p>","protected":false},"excerpt":{"rendered":"<p>T-shirt with a basic design, boat neck and longer sleeves than the traditional ones. It goes through a natural dyeing process, carried out [\u2026]<\/p>","protected":false},"featured_media":3771,"template":"","meta":[],"product_brand":[],"product_cat":[94],"product_tag":[],"class_list":{"0":"post-3844","1":"product","2":"type-product","3":"status-publish","4":"has-post-thumbnail","6":"product_cat-camisetas","8":"first","9":"instock","10":"shipping-taxable","11":"purchasable","12":"product-type-variable"},"_links":{"self":[{"href":"https:\/\/www.vivacelina.com\/en\/wp-json\/wp\/v2\/product\/3844","targetHints":{"allow":["GET"]}}],"collection":[{"href":"https:\/\/www.vivacelina.com\/en\/wp-json\/wp\/v2\/product"}],"about":[{"href":"https:\/\/www.vivacelina.com\/en\/wp-json\/wp\/v2\/types\/product"}],"wp:featuredmedia":[{"embeddable":true,"href":"https:\/\/www.vivacelina.com\/en\/wp-json\/wp\/v2\/media\/3771"}],"wp:attachment":[{"href":"https:\/\/www.vivacelina.com\/en\/wp-json\/wp\/v2\/media?parent=3844"}],"wp:term":[{"taxonomy":"product_brand","embeddable":true,"href":"https:\/\/www.vivacelina.com\/en\/wp-json\/wp\/v2\/product_brand?post=3844"},{"taxonomy":"product_cat","embeddable":true,"href":"https:\/\/www.vivacelina.com\/en\/wp-json\/wp\/v2\/product_cat?post=3844"},{"taxonomy":"product_tag","embeddable":true,"href":"https:\/\/www.vivacelina.com\/en\/wp-json\/wp\/v2\/product_tag?post=3844"}],"curies":[{"name":"wp","href":"https:\/\/api.w.org\/{rel}","templated":true}]}}