{"id":4882,"date":"2021-05-13T17:26:57","date_gmt":"2021-05-13T20:26:57","guid":{"rendered":"https:\/\/www.vivacelina.com\/?post_type=product&#038;p=4882"},"modified":"2022-12-27T19:12:00","modified_gmt":"2022-12-27T22:12:00","slug":"camisa-antonio-ondas","status":"publish","type":"product","link":"https:\/\/www.vivacelina.com\/en\/product\/camisa-antonio-ondas\/","title":{"rendered":"Antonio Ondas Shirt"},"content":{"rendered":"<p>Straight-cut shirt with short sleeves, pockets and buttons made from recycled paper. Made from sustainable fabrics, recycled cotton and recycled PET bottles, the Ant\u00f4nio Shirt is a classic and timeless piece, perfect for any occasion.<\/p>","protected":false},"excerpt":{"rendered":"<p>Camisa de modelagem reta, manga curta, bolso e bot\u00f5es em papel reciclado. Confeccionada com tecidos sustent\u00e1veis, de algod\u00e3o reciclado e garrafa pet [&hellip;]<\/p>","protected":false},"featured_media":3605,"template":"","meta":[],"product_brand":[],"product_cat":[54],"product_tag":[],"class_list":{"0":"post-4882","1":"product","2":"type-product","3":"status-publish","4":"has-post-thumbnail","6":"product_cat-camisas","8":"first","9":"outofstock","10":"shipping-taxable","11":"purchasable","12":"product-type-variable","13":"has-default-attributes"},"_links":{"self":[{"href":"https:\/\/www.vivacelina.com\/en\/wp-json\/wp\/v2\/product\/4882","targetHints":{"allow":["GET"]}}],"collection":[{"href":"https:\/\/www.vivacelina.com\/en\/wp-json\/wp\/v2\/product"}],"about":[{"href":"https:\/\/www.vivacelina.com\/en\/wp-json\/wp\/v2\/types\/product"}],"wp:featuredmedia":[{"embeddable":true,"href":"https:\/\/www.vivacelina.com\/en\/wp-json\/wp\/v2\/media\/3605"}],"wp:attachment":[{"href":"https:\/\/www.vivacelina.com\/en\/wp-json\/wp\/v2\/media?parent=4882"}],"wp:term":[{"taxonomy":"product_brand","embeddable":true,"href":"https:\/\/www.vivacelina.com\/en\/wp-json\/wp\/v2\/product_brand?post=4882"},{"taxonomy":"product_cat","embeddable":true,"href":"https:\/\/www.vivacelina.com\/en\/wp-json\/wp\/v2\/product_cat?post=4882"},{"taxonomy":"product_tag","embeddable":true,"href":"https:\/\/www.vivacelina.com\/en\/wp-json\/wp\/v2\/product_tag?post=4882"}],"curies":[{"name":"wp","href":"https:\/\/api.w.org\/{rel}","templated":true}]}}